{"id":7,"date":"2020-08-13T11:50:49","date_gmt":"2020-08-13T11:50:49","guid":{"rendered":"https:\/\/rema.ba\/?page_id=7"},"modified":"2020-08-20T12:12:46","modified_gmt":"2020-08-20T12:12:46","slug":"about","status":"publish","type":"page","link":"https:\/\/rema.ba\/index.php\/about\/","title":{"rendered":"O nama"},"content":{"rendered":"\t\t<div data-elementor-type=\"wp-page\" data-elementor-id=\"7\" class=\"elementor elementor-7\">\n\t\t\t\t\t\t<section class=\"elementor-section elementor-top-section elementor-element elementor-element-41e7ee68 elementor-section-boxed elementor-section-height-default elementor-section-height-default\" data-id=\"41e7ee68\" data-element_type=\"section\" data-e-type=\"section\">\n\t\t\t\t\t\t<div class=\"elementor-container elementor-column-gap-default\">\n\t\t\t\t\t<div class=\"elementor-column elementor-col-100 elementor-top-column elementor-element elementor-element-595d4b34\" data-id=\"595d4b34\" data-element_type=\"column\" data-e-type=\"column\">\n\t\t\t<div class=\"elementor-widget-wrap elementor-element-populated\">\n\t\t\t\t\t\t<div class=\"elementor-element elementor-element-5950e73d elementor-widget elementor-widget-text-editor\" data-id=\"5950e73d\" data-element_type=\"widget\" data-e-type=\"widget\" data-widget_type=\"text-editor.default\">\n\t\t\t\t<div class=\"elementor-widget-container\">\n\t\t\t\t\t\t\t\t\t\n<p>Na\u0161e znanje i iskustvo plod su dugogodi\u0161njeg \u0161kolovanja, usavr\u0161avanja, specijalizacije i prakti\u010dnog rada s\u00a0 najkvalitetnijim brandovima.\u00a0Otvoreni smo prema novim tehnologijama a specijalnost su nam zeleni\/obnovljivi izvori energije: sunce, drvo, voda i vjetar. Svu opremu koju ugradimo nastavljamo odr\u017eavati \u010dime zatvaramo krug od savjetovanja do realizacije.<\/p>\n\n<p>Ovom web stranicom poku\u0161ali smo Vam pribli\u017eiti sve bitne segmente na\u0161eg poslovanja te dati specifi\u010dan &#8220;potpis&#8221; koji nas \u010dini druga\u010dijim od drugih tvrtki u bran\u0161i.\u00a0Trudimo se u svim segmentima poslovanja opravdati Va\u0161e povjerenje.\u00a0Kontaktirajte nas i pridru\u017eite se brojnim zadovoljnim korisnicima na\u0161ih usluga.<\/p>\n\t\t\t\t\t\t\t\t<\/div>\n\t\t\t\t<\/div>\n\t\t\t\t\t<\/div>\n\t\t<\/div>\n\t\t\t\t\t<\/div>\n\t\t<\/section>\n\t\t\t\t<section class=\"elementor-section elementor-top-section elementor-element elementor-element-57a1d7d elementor-section-boxed elementor-section-height-default elementor-section-height-default\" data-id=\"57a1d7d\" data-element_type=\"section\" data-e-type=\"section\">\n\t\t\t\t\t\t<div class=\"elementor-container elementor-column-gap-default\">\n\t\t\t\t\t<div class=\"elementor-column elementor-col-100 elementor-top-column elementor-element elementor-element-21c29c1\" data-id=\"21c29c1\" data-element_type=\"column\" data-e-type=\"column\">\n\t\t\t<div class=\"elementor-widget-wrap elementor-element-populated\">\n\t\t\t\t\t\t<div class=\"elementor-element elementor-element-bd5c679 animated-slow elementor-invisible elementor-widget elementor-widget-google_maps\" data-id=\"bd5c679\" data-element_type=\"widget\" data-e-type=\"widget\" data-settings=\"{&quot;_animation&quot;:&quot;bounceIn&quot;,&quot;_animation_delay&quot;:200}\" data-widget_type=\"google_maps.default\">\n\t\t\t\t<div class=\"elementor-widget-container\">\n\t\t\t\t\t\t\t<div class=\"elementor-custom-embed\">\n\t\t\t<iframe loading=\"lazy\"\n\t\t\t\t\tsrc=\"https:\/\/maps.google.com\/maps?q=obrt%20rema&#038;t=m&#038;z=10&#038;output=embed&#038;iwloc=near\"\n\t\t\t\t\ttitle=\"obrt rema\"\n\t\t\t\t\taria-label=\"obrt rema\"\n\t\t\t><\/iframe>\n\t\t<\/div>\n\t\t\t\t\t\t<\/div>\n\t\t\t\t<\/div>\n\t\t\t\t\t<\/div>\n\t\t<\/div>\n\t\t\t\t\t<\/div>\n\t\t<\/section>\n\t\t\t\t<\/div>\n\t\t","protected":false},"excerpt":{"rendered":"<p>Na\u0161e znanje i iskustvo plod su dugogodi\u0161njeg \u0161kolovanja, usavr\u0161avanja, specijalizacije i prakti\u010dnog rada s&nbsp; najkvalitetnijim brandovima.&nbsp;Otvoreni smo prema novim tehnologijama a specijalnost su nam zeleni\/obnovljivi izvori energije: sunce, drvo, voda i vjetar. Svu opremu koju ugradimo nastavljamo odr\u017eavati \u010dime zatvaramo krug od savjetovanja do realizacije. Ovom web stranicom poku\u0161ali smo Vam pribli\u017eiti sve bitne segmente na\u0161eg poslovanja te dati specifi\u010dan [&hellip;]<\/p>\n","protected":false},"author":1,"featured_media":0,"parent":0,"menu_order":0,"comment_status":"closed","ping_status":"closed","template":"","meta":{"footnotes":""},"class_list":["post-7","page","type-page","status-publish","hentry"],"yoast_head":"<!-- This site is optimized with the Yoast SEO plugin v26.9 - https:\/\/yoast.com\/product\/yoast-seo-wordpress\/ -->\r\n<title>O nama - Rema BiH<\/title>\r\n<meta name=\"robots\" content=\"index, follow, max-snippet:-1, max-image-preview:large, max-video-preview:-1\" \/>\r\n<link rel=\"canonical\" href=\"https:\/\/rema.ba\/index.php\/about\/\" \/>\r\n<meta property=\"og:locale\" content=\"en_US\" \/>\r\n<meta property=\"og:type\" content=\"article\" \/>\r\n<meta property=\"og:title\" content=\"O nama - Rema BiH\" \/>\r\n<meta property=\"og:description\" content=\"Na\u0161e znanje i iskustvo plod su dugogodi\u0161njeg \u0161kolovanja, usavr\u0161avanja, specijalizacije i prakti\u010dnog rada s&nbsp; najkvalitetnijim brandovima.&nbsp;Otvoreni smo prema novim tehnologijama a specijalnost su nam zeleni\/obnovljivi izvori energije: sunce, drvo, voda i vjetar. Svu opremu koju ugradimo nastavljamo odr\u017eavati \u010dime zatvaramo krug od savjetovanja do realizacije. Ovom web stranicom poku\u0161ali smo Vam pribli\u017eiti sve bitne segmente na\u0161eg poslovanja te dati specifi\u010dan [&hellip;]\" \/>\r\n<meta property=\"og:url\" content=\"https:\/\/rema.ba\/index.php\/about\/\" \/>\r\n<meta property=\"og:site_name\" content=\"Rema BiH\" \/>\r\n<meta property=\"article:modified_time\" content=\"2020-08-20T12:12:46+00:00\" \/>\r\n<meta name=\"twitter:card\" content=\"summary_large_image\" \/>\r\n<meta name=\"twitter:label1\" content=\"Est. reading time\" \/>\n\t<meta name=\"twitter:data1\" content=\"1 minute\" \/>\r\n<script type=\"application\/ld+json\" class=\"yoast-schema-graph\">{\"@context\":\"https:\/\/schema.org\",\"@graph\":[{\"@type\":\"WebPage\",\"@id\":\"https:\/\/rema.ba\/index.php\/about\/\",\"url\":\"https:\/\/rema.ba\/index.php\/about\/\",\"name\":\"O nama - Rema BiH\",\"isPartOf\":{\"@id\":\"https:\/\/rema.ba\/#website\"},\"datePublished\":\"2020-08-13T11:50:49+00:00\",\"dateModified\":\"2020-08-20T12:12:46+00:00\",\"breadcrumb\":{\"@id\":\"https:\/\/rema.ba\/index.php\/about\/#breadcrumb\"},\"inLanguage\":\"en-US\",\"potentialAction\":[{\"@type\":\"ReadAction\",\"target\":[\"https:\/\/rema.ba\/index.php\/about\/\"]}]},{\"@type\":\"BreadcrumbList\",\"@id\":\"https:\/\/rema.ba\/index.php\/about\/#breadcrumb\",\"itemListElement\":[{\"@type\":\"ListItem\",\"position\":1,\"name\":\"Home\",\"item\":\"https:\/\/rema.ba\/\"},{\"@type\":\"ListItem\",\"position\":2,\"name\":\"O nama\"}]},{\"@type\":\"WebSite\",\"@id\":\"https:\/\/rema.ba\/#website\",\"url\":\"https:\/\/rema.ba\/\",\"name\":\"Rema BiH\",\"description\":\"Centralna grijanja i vodoinstalacije REMA Visoko\",\"potentialAction\":[{\"@type\":\"SearchAction\",\"target\":{\"@type\":\"EntryPoint\",\"urlTemplate\":\"https:\/\/rema.ba\/?s={search_term_string}\"},\"query-input\":{\"@type\":\"PropertyValueSpecification\",\"valueRequired\":true,\"valueName\":\"search_term_string\"}}],\"inLanguage\":\"en-US\"}]}<\/script>\r\n<!-- \/ Yoast SEO plugin. -->","yoast_head_json":{"title":"O nama - Rema BiH","robots":{"index":"index","follow":"follow","max-snippet":"max-snippet:-1","max-image-preview":"max-image-preview:large","max-video-preview":"max-video-preview:-1"},"canonical":"https:\/\/rema.ba\/index.php\/about\/","og_locale":"en_US","og_type":"article","og_title":"O nama - Rema BiH","og_description":"Na\u0161e znanje i iskustvo plod su dugogodi\u0161njeg \u0161kolovanja, usavr\u0161avanja, specijalizacije i prakti\u010dnog rada s&nbsp; najkvalitetnijim brandovima.&nbsp;Otvoreni smo prema novim tehnologijama a specijalnost su nam zeleni\/obnovljivi izvori energije: sunce, drvo, voda i vjetar. Svu opremu koju ugradimo nastavljamo odr\u017eavati \u010dime zatvaramo krug od savjetovanja do realizacije. Ovom web stranicom poku\u0161ali smo Vam pribli\u017eiti sve bitne segmente na\u0161eg poslovanja te dati specifi\u010dan [&hellip;]","og_url":"https:\/\/rema.ba\/index.php\/about\/","og_site_name":"Rema BiH","article_modified_time":"2020-08-20T12:12:46+00:00","twitter_card":"summary_large_image","twitter_misc":{"Est. reading time":"1 minute"},"schema":{"@context":"https:\/\/schema.org","@graph":[{"@type":"WebPage","@id":"https:\/\/rema.ba\/index.php\/about\/","url":"https:\/\/rema.ba\/index.php\/about\/","name":"O nama - Rema BiH","isPartOf":{"@id":"https:\/\/rema.ba\/#website"},"datePublished":"2020-08-13T11:50:49+00:00","dateModified":"2020-08-20T12:12:46+00:00","breadcrumb":{"@id":"https:\/\/rema.ba\/index.php\/about\/#breadcrumb"},"inLanguage":"en-US","potentialAction":[{"@type":"ReadAction","target":["https:\/\/rema.ba\/index.php\/about\/"]}]},{"@type":"BreadcrumbList","@id":"https:\/\/rema.ba\/index.php\/about\/#breadcrumb","itemListElement":[{"@type":"ListItem","position":1,"name":"Home","item":"https:\/\/rema.ba\/"},{"@type":"ListItem","position":2,"name":"O nama"}]},{"@type":"WebSite","@id":"https:\/\/rema.ba\/#website","url":"https:\/\/rema.ba\/","name":"Rema BiH","description":"Centralna grijanja i vodoinstalacije REMA Visoko","potentialAction":[{"@type":"SearchAction","target":{"@type":"EntryPoint","urlTemplate":"https:\/\/rema.ba\/?s={search_term_string}"},"query-input":{"@type":"PropertyValueSpecification","valueRequired":true,"valueName":"search_term_string"}}],"inLanguage":"en-US"}]}},"_links":{"self":[{"href":"https:\/\/rema.ba\/index.php\/wp-json\/wp\/v2\/pages\/7","targetHints":{"allow":["GET"]}}],"collection":[{"href":"https:\/\/rema.ba\/index.php\/wp-json\/wp\/v2\/pages"}],"about":[{"href":"https:\/\/rema.ba\/index.php\/wp-json\/wp\/v2\/types\/page"}],"author":[{"embeddable":true,"href":"https:\/\/rema.ba\/index.php\/wp-json\/wp\/v2\/users\/1"}],"replies":[{"embeddable":true,"href":"https:\/\/rema.ba\/index.php\/wp-json\/wp\/v2\/comments?post=7"}],"version-history":[{"count":7,"href":"https:\/\/rema.ba\/index.php\/wp-json\/wp\/v2\/pages\/7\/revisions"}],"predecessor-version":[{"id":111,"href":"https:\/\/rema.ba\/index.php\/wp-json\/wp\/v2\/pages\/7\/revisions\/111"}],"wp:attachment":[{"href":"https:\/\/rema.ba\/index.php\/wp-json\/wp\/v2\/media?parent=7"}],"curies":[{"name":"wp","href":"https:\/\/api.w.org\/{rel}","templated":true}]}}